{"id":62,"date":"2026-03-02T12:48:46","date_gmt":"2026-03-02T11:48:46","guid":{"rendered":"http:\/\/localhost\/www\/errebiassicura.cip\/?page_id=62"},"modified":"2026-03-12T11:00:46","modified_gmt":"2026-03-12T10:00:46","slug":"reclami","status":"publish","type":"page","link":"https:\/\/www.errebiassicura.com\/index.php\/reclami\/","title":{"rendered":"Reclami"},"content":{"rendered":"\n<div class=\"wp-block-columns is-layout-flex wp-container-core-columns-is-layout-9d6595d7 wp-block-columns-is-layout-flex\">\n<div class=\"wp-block-column is-layout-flow wp-block-column-is-layout-flow\">\n<h2 class=\"wp-block-heading\">Come presentare un reclamo ad una compagnia assicurativa<\/h2>\n\n\n\n<h3 class=\"wp-block-heading\"><strong>Informazioni sugli strumenti di tutela del contraente<\/strong><\/h3>\n\n\n\n<p>a. L&#8217;attivit\u00e0 di distribuzione \u00e8 garantita da una polizza di assicurazione della responsabilit\u00e0 civile, che copre i danni arrecati ai Contraenti da negligenze ed errori professionali dell&#8217;Intermediario o da negligenze, errori professionali ed infedelt\u00e0 dei dipendenti, dei collaboratori o delle persone del cui operato l&#8217;Intermediario deve rispondere a norma di legge;<\/p>\n\n\n\n<p>b. Il Contraente ha la facolt\u00e0, ferma restando la possibilit\u00e0 di rivolgersi all&#8217;Autorit\u00e0 Giudiziaria, di inoltrare reclamo per iscritto all&#8217;Intermediario o all&#8217;Impresa preponente ai seguenti recapiti aziendali.<\/p>\n\n\n\n<p>Pertanto i reclami potranno essere inviati all\u2019 intermediario Rubano Franco Broker scrivendo una mail a:<\/p>\n\n\n\n<p><a href=\"https:\/\/web.archive.org\/web\/20240407072710\/mailto:agenzia@errebiassicura.com\">agenzia@errebiassicura.com<\/a><\/p>\n\n\n\n<p>oppure:<\/p>\n\n\n\n<p>all\u2019indirizzo: Viale Papa Giovanni XXIII, 9\/C \u2013 10092 Borgaretto (TO)<br><\/p>\n\n\n\n<p>Il contraente, ferma restando la possibilit\u00e0 di rivolgersi all\u2019Autorit\u00e0 Giudiziaria, pu\u00f2 esporre un reclamo, alle compagnie indicate.<\/p>\n\n\n\n<p>La Compagnia o le Compagnie devono fornire risposta entro 45 giorni dalla data di ricevimento del reclamo all\u2019indirizzo fornito dal reclamante. Per i reclami aventi ad oggetto il comportamento dell\u2019agente, piuttosto che di un collaboratore o dipendente di quest\u2019ultimo, il termine di riscontro di cui sopra potr\u00e0 essere sospeso per un massimo di 15 giorni, al fine di garantire il contraddittorio con l\u2019Agente e\/o il Broker e consentire allo stesso di esprimere la propria posizione relativamente all\u2019oggetto del reclamo cos\u00ec come previsto dalla normativa vigente.<\/p>\n\n\n\n<p>Qualora il reclamante non dovesse ritenersi soddisfatto dall\u2019esito del reclamo o in caso di assenza di riscontro entro il termine di legge, prima di rivolgersi all\u2019Autorit\u00e0 Giudiziaria, pu\u00f2 rivolgersi all\u2019 IVASS Istituto per la Vigilanza sulle Assicurazioni Servizio Tutela del Consumatore Via Del Quirinale n.21 \u2013 00187 ROMA (pec:&nbsp;<a href=\"https:\/\/web.archive.org\/web\/20240407072710\/mailto:ivass@pec.ivass.it\">ivass@pec.ivass.it<\/a>) allegando la documentazione relativa al reclamo trattato dalla Compagnia.<br>Inoltre, il reclamante pu\u00f2 ricorrere a sistemi alternativi per la risoluzione delle controversie previsti a livello normativo o convenzionale, quali:<\/p>\n\n\n\n<p>c. il contraente ha la facolt\u00e0 di avvalersi di altri eventuali sistemi alternativi di risoluzione delle controversie previsti dalla normativa<br>vigente indicati nei DIP aggiuntivi a tal proposito si informa che \u00e8 stato istituito lo strumento dell\u2019Arbitro Assicurativo, un sistema di risoluzione alternativo delle controversie insorte con l\u2019impresa di assicurazione od un intermediario, relativamente alle prestazioni e ai servizi assicurativi, ad un risarcimento o all\u2019esercizio dell\u2019attivit\u00e0 di distribuzione assicurativa. Si tratta di un sistema che offre un metodo stragiudiziale economico, equo e tempestivo.<br>Per ulteriori informazioni sul processo e sulle modalit\u00e0 di accesso, pu\u00f2 verificare su ogni DIP AGGIUNTIVO di ogni Compagnia le modalit\u00e0 e\/o pu\u00f2 consultare il sito dell\u2019Arbitro Assicurativo <a href=\"https:\/\/www.arbitroassicurativo.org\/\">https:\/\/www.arbitroassicurativo.org\/<\/a><\/p>\n\n\n\n<p><\/p>\n\n\n\n<p><strong>La conciliazione paritetica<\/strong><br>In caso di controversia relativa ad un sinistro R.C. AUTO con risarcimento per danni a persone e\/o cose fino a 15.000,00 euro, rivolgendosi ad una delle Associazioni dei Consumatori aderenti all\u2019accordo con l\u2019Associazione Nazionale fra le Imprese Assicuratrici (ANIA).<\/p>\n\n\n\n<p><strong>La mediazione civile disciplinata dal D. Lgs. n.28\/2010<\/strong><br>Questo sistema si applica in caso di controversia attinente ai contratti assicurativi come, ad esempio, in caso di lite relativa al risarcimento di un danno derivante da responsabilit\u00e0 medica e sanitaria, attraverso la presentazione di una domanda all\u2019Organismo di mediazione scelto liberamente dalle parti. Il responsabile di tale Organismo provveder\u00e0 a designare un mediatore ed a fissare il primo incontro tra le parti, le quali dovranno parteciparvi con l\u2019assistenza di un avvocato. Non si applica in caso di controversie relative al risarcimento del danno da circolazione di veicoli.<\/p>\n\n\n\n<p><strong>L\u2019arbitrato Disciplinato dagli articoli 806 e ss. c.p.c.<\/strong><br>\u00e8 attivabile o in virt\u00f9 di una clausola compromissoria, se prevista all\u2019interno del contratto (nelle condizioni generali), o attraverso la stipulazione di un accordo volto ad attribuire il potere di decidere la controversia.<br>La convenzione di negoziazione assistita istituita dal D.L. n.132\/2014 e s.m.i<br>Questo sistema si applica per esercitare in giudizio un\u2019azione relativa a una controversia in materia di risarcimento del danno da circolazione di veicoli. Tale meccanismo si instaura tramite invito di una parte all\u2019altra a stipulare un accordo con il quale ci si impegna a cooperare lealmente per risolvere la controversia con l\u2019assistenza dei rispettivi avvocati o di un unico avvocato.<\/p>\n\n\n\n<p><strong>L\u2019Arbitrato per le controversie finanziarie<\/strong><br>Istituito presso CONSOB ed operativo dal 9 gennaio 2017, competente per questioni attinenti la violazione degli obblighi di diligenza, correttezza, informazione e trasparenza nel collocamento di prodotti assicurativi finanziari che comportino richieste di somme di denaro fino a 500.000,00 euro. Sono escluse dall\u2019ambito di cognizione dell\u2019Arbitrato per le Controversie Finanziarie i danni che non hanno natura patrimoniale e che non sono conseguenza immediata e diretta dell\u2019inadempimento o della violazione degli obblighi di diligenza, correttezza, informazione e trasparenza. Il ricorso pu\u00f2 essere proposto quando sui medesimi fatti oggetto dello stesso non siano pendenti altre procedure di risoluzione extragiudiziale delle controversie.<\/p>\n\n\n\n<h3 class=\"wp-block-heading\">Modalit\u00e0 di reclamo per ogni compagnia intermediata<\/h3>\n\n\n\n<h3 class=\"wp-block-heading\">Gruppo ZURICH Italia<\/h3>\n\n\n\n<p>Scrivendo a:<br>c.a. Ufficio Reclami<br>Via Benigno Crespi, 23- 20159&nbsp; Milano<\/p>\n\n\n\n<p>Telefonando al numero 02.59.66.1<\/p>\n\n\n\n<p>Inviando un fax al numero 02.26.62.22.43<\/p>\n\n\n\n<p>Inviando una e-mail a&nbsp;<a href=\"https:\/\/web.archive.org\/web\/20240407072710\/mailto:Zurich.Insurance.Plc@pec.zurich.it\">Zurich.Insurance.Plc@pec.zurich.it<\/a><\/p>\n\n\n\n<p>Compilando il modulo on line sul sito&nbsp;&nbsp;<a href=\"https:\/\/web.archive.org\/web\/20240407072710\/https:\/\/www.zurich.it\/\">www.zurich.it<\/a><\/p>\n\n\n\n<h3 class=\"wp-block-heading\">Helvetia Assicurazioni SA<\/h3>\n\n\n\n<p>Scrivendo a:<br>c.a. Ufficio reclami<br>Via G.B. Cassinis 21 \u2013 20149 Milano<\/p>\n\n\n\n<p>Inviando un fax al numero 02.53.51.794<\/p>\n\n\n\n<p>Inviando una e-mail a&nbsp;<a href=\"https:\/\/web.archive.org\/web\/20240407072710\/mailto:reclami@helvetia.it\">reclami@helvetia.it<\/a><\/p>\n\n\n\n<h3 class=\"wp-block-heading\">LINEAR NEXT<\/h3>\n\n\n\n<p>Scrivendo a:<br>Ufficio reclami<br>Linear Spa Sede Via Larga 8 &#8211; 40138 Bologna<\/p>\n\n\n\n<p>Inviando un fax al numero 051.70.96.926<\/p>\n\n\n\n<p>Inviando una e-mail all\u2019indirizzo di posta PEC&nbsp;<a href=\"https:\/\/web.archive.org\/web\/20240407072710\/mailto:linear@pec.unipol.it\">linear@pec.unipol.it<\/a><\/p>\n\n\n\n<h3 class=\"wp-block-heading\">PRIMA.IT<\/h3>\n\n\n\n<p>Scrivendo a:<\/p>\n\n\n\n<p>Via Caldera 21, 20153 Milano<\/p>\n\n\n\n<p>Inviando un fax al numero 02.409.149.59<\/p>\n\n\n\n<p>Inviando una e-mail all\u2019indirizzo di posta&nbsp;<a href=\"https:\/\/web.archive.org\/web\/20240407072710\/mailto:reclami@glise.com\">reclami@glise.com<\/a><\/p>\n\n\n\n<h3 class=\"wp-block-heading\">AmTrust Europe Limited<\/h3>\n\n\n\n<p>Scrivendo a:<br>Rappresentanza Generale per l\u2019Italia<br>Via Clerici, 14 &#8211; 20121 Milano (MI)<br>Tel. 02.834.381.50<\/p>\n\n\n\n<p>Oppure inviando una mail a&nbsp;<a href=\"https:\/\/web.archive.org\/web\/20240407072710\/mailto:reclami@amtrustgroup.com\">reclami@amtrustgroup.com<\/a><\/p>\n\n\n\n<h3 class=\"wp-block-heading\">Europ Assistance Italia S.p.A.<\/h3>\n\n\n\n<p>Scrivendo a:<br>c.a. Segreteria Generale \u2013 Funzione Reclami Ufficio Reclami<br>Piazza Trento, 8 &#8211; 20135 Milano<\/p>\n\n\n\n<p>Inviando un fax al numero 02.58.47.71.28<\/p>\n\n\n\n<p>Inviando una e-mail a:<\/p>\n\n\n\n<ul class=\"wp-block-list\">\n<li>reclami@pec.europassistance.it<\/li>\n\n\n\n<li>ufficio.reclami@europassistance.it.<\/li>\n<\/ul>\n\n\n\n<h3 class=\"wp-block-heading\">METLIFE<\/h3>\n\n\n\n<p>Scrivendo a:<br>Rappresentanza Generale per l&#8217;Italia<br>Ufficio Reclami &#8211; Via Andrea Vesalio, 6 &#8211; 00161 Roma<\/p>\n\n\n\n<p>Inviando una mail a&nbsp;reclami@metlife.it<\/p>\n\n\n\n<p>Compilando il FORM sul sito&nbsp;<a href=\"https:\/\/web.archive.org\/web\/20240407072710\/https:\/\/www.metlife.it\/assistenza-clienti-metlife\/reclami-metlife\/\">www.metlife.it\/assistenza-clienti-metlife\/reclami-metlife\/<\/a><\/p>\n\n\n\n<h3 class=\"wp-block-heading\">Nobis Compagnia di Assicurazioni<\/h3>\n\n\n\n<p>Scrivendo a:<br>Servizio Reclami<br>Viale Colleoni 21 &#8211; 20864 Agrate Brianza (MB)<\/p>\n\n\n\n<p>Inviando un fax a 039.6890432<\/p>\n\n\n\n<p>Inviando una mail a:<\/p>\n\n\n\n<ul class=\"wp-block-list\">\n<li>reclami@nobis.it<\/li>\n\n\n\n<li>nobisassicurazioni.reclami@pec.it<\/li>\n<\/ul>\n\n\n\n<h3 class=\"wp-block-heading\">UnipolSai Assicurazioni S.p.A.<\/h3>\n\n\n\n<p>Scrivendo a:<br>Reclami e Assistenza Specialistica Clienti<br>via della Unione Europea, 3\/b<br>20097 San Donato Milanese (MI)<\/p>\n\n\n\n<p>Inviando un fax al numero 02.181.53.53<\/p>\n\n\n\n<p>Inviando una e-mail a&nbsp;<a href=\"https:\/\/web.archive.org\/web\/20240407072710\/mailto:unipolsaiassicurazioni@pec.unipol.it\">unipolsaiassicurazioni@pec.unipol.it<\/a><\/p>\n\n\n\n<h3 class=\"wp-block-heading\">ALLIANZ SPA<\/h3>\n\n\n\n<p>Scrivendo a<br>Largo Ugo Irneri 1, 34123 TRIESTE<br>Tel: 040.7781.1<\/p>\n\n\n\n<p>Servizio Pronto Allianz Online Numero Verde: 800.68.68.68<\/p>\n\n\n\n<p>oppure sul sito&nbsp;<a href=\"https:\/\/web.archive.org\/web\/20240407072710\/https:\/\/www.allianz.it\/contattaci.html\">www.allianz.it\/servizi\/contatti<\/a><\/p>\n\n\n\n<h3 class=\"wp-block-heading\">GLOBAL ASSISTANCE<\/h3>\n\n\n\n<p>Scrivendo a<br>Ufficio Gestione Reclami<br>Global Assistance S.p.A.<br>Piazza Diaz 6, 20123 Milano<\/p>\n\n\n\n<p>Inviando una mail a&nbsp;<a href=\"https:\/\/web.archive.org\/web\/20240407072710\/mailto:gestione.reclami@globalassistance.it\">gestione.reclami@globalassistance.it<\/a><\/p>\n\n\n\n<h3 class=\"wp-block-heading\">ADRIATIC ASSICURAZIONI<\/h3>\n\n\n\n<p>Scrivendo a:<br>Rappresentanza Generale per l&#8217;Italia<br>Ufficio Reclami &#8211; ADRIATIC Assicurazioni<br>Corso Italia 31, 34122 Trieste<\/p>\n\n\n\n<p>Inviando una mail a&nbsp;<a href=\"https:\/\/web.archive.org\/web\/20240407072710\/mailto:reclami@adriatic-assicurazioni.it\">reclami@adriatic-assicurazioni.it<\/a><\/p>\n\n\n\n<p>Sono da intendersi di pertinenza dell&#8217;Intermediario e dunque riferite alla gestione di quest&#8217;ultimo i reclami afferenti all&#8217;attivit\u00e0 di intermediazioni assicurativa, ivi inclusi i comportamenti dei dipendenti e collaboratori, ed in particolare quelli in merito all&#8217;osservanza delle regole di comportamento di cui agli articoli da 53 a 59 del Regolamento IVASS n. 40 del 2 agosto 2018.<\/p>\n\n\n\n<p>Nel reclamo dovranno essere indicati i seguenti dati:<\/p>\n\n\n\n<p>nome, cognome, indirizzo completo dell&#8217;esponente;<\/p>\n\n\n\n<p>numero della polizza o nominativo del contraente; numero e data del sinistro al quale si fa riferimento;<\/p>\n\n\n\n<p>indicazioni del soggetto o dei soggetti di cui si lamenta l&#8217;operato.<\/p>\n\n\n\n<p>La Societ\u00e0 gestir\u00e0 il reclamo dando risposta al reclamante entro 45 giorni dal ricevimento della comunicazione scritta.<br>Qualora l&#8217;esponente non si ritenga soddisfatto dell&#8217;esito del reclamo o in caso di assenza di riscontro da parte dell&#8217;Intermediario odell&#8217;Impresa preponente nel termine massimo di 45 giorni, potr\u00e0 rivolgersi all&#8217;IVASS &#8211; Istituto per la vigilanza sulle Assicurazioni, Via del Quirinale, 21 &#8211; 00187 Roma &#8211; fax 06 42133 206 &#8211; Pec:&nbsp;<a href=\"https:\/\/web.archive.org\/web\/20240407072710\/mailto:tutela.consumatore@pec.ivass.it\">tutela.consumatore@pec.ivass.it<\/a>, utilizzando lo specifico modello<br>disponibile sul sito dell&#8217;Ivass (<a href=\"https:\/\/web.archive.org\/web\/20240407072710\/https:\/\/www.ivass.it\/\">www.ivass.it<\/a>&nbsp;&#8211; sezione Per i Consumatori &#8211; Reclami &#8211; &#8220;Guida ai reclami&#8221;), corredando l&#8217;esposto della documentazione relativa al reclamo trattato dalla compagnia e dell&#8217;eventuale riscontro fornito dalla stessa.<\/p>\n\n\n\n<p>Il reclamo all&#8217;Ivass deve contenere i seguenti elementi essenziali:<\/p>\n\n\n\n<p>nome, cognome e domicilio del reclamante con eventuale recapito telefonico;<\/p>\n\n\n\n<p>denominazione dell&#8217;impresa e dell&#8217;eventuale intermediario di cui si lamenta l&#8217;operato;<\/p>\n\n\n\n<p>breve ed esaustiva descrizione del motivo della lamentela e ogni documento utile a descrivere compiutamente il fatto e le relative circostanze.<\/p>\n\n\n\n<p>Per la risoluzione di liti transfrontaliere \u00e8 possibile presentare reclamo all&#8217;Ivass o direttamente al sistema estero competente chiedendo l&#8217;attivazione della procedura FIN-NET. Il sistema competente \u00e8 individuabile accedendo al sito della Commissione Europea&nbsp;<a href=\"https:\/\/web.archive.org\/web\/20240407072710\/http:\/\/www.ec.europa.eu\/fin-net\">http:\/\/www.ec.europa.eu\/fin-net<\/a>.<\/p>\n\n\n\n<p>Si ricorda che il reclamante potr\u00e0 attivare: la procedura prevista dall&#8217;Accordo del 19 marzo 2012, tra ANIA e Associazioni dei consumatori sulla procedura per la conciliazione delle controversie derivanti da sinistri RCAuto tra imprese assicuratrici e consumatori, per le controversie inerenti alla gestione di sinistri del ramo RCAuto la cui richiesta di risarcimento non superi i 15.000,00 \u20ac; la procedura di negoziazione assistita prevista dal D.L. 132\/2014, convertito dalla L. 162\/2014, secondo quanto previsto dall&#8217;art. 3 del suddetto Decreto per le controversie in materia di risarcimento del danno da circolazione di veicoli (RCA) e natanti (RC natanti); la procedura di mediazione finalizzata alla conciliazione delle controversie civili di cui al D.Lgs. 4 marzo 2010 n. 28, presentando specifica istanza ai sensi dell&#8217;art. 4 presso gli organismi di mediazione previsti dall&#8217;art. 16 del citato decreto per le controversie in materia degli altri rami danni ad esclusione dell&#8217;RCAuto<\/p>\n\n\n\n<p>c. il contraente ha la facolt\u00e0 di avvalersi di altri eventuali sistemi alternativi di risoluzione delle controversie previsti dalla normativa vigente indicati nei DIP aggiuntivi.<\/p>\n\n\n\n<p>d. nel caso dei soli intermediari iscritti nella sezione B del Registro, la possibilit\u00e0 per gli assicurati di rivolgersi al Fondo di garanzia per l&#8217;attivit\u00e0 dei mediatori di assicurazione e di riassicurazione (riportare indirizzo e numero telefonico), per chiedere il risarcimento del danno patrimoniale loro causato dall&#8217;esercizio dell&#8217;attivit\u00e0 di intermediazione, che non sia stato risarcito dall&#8217;intermediario stesso o non sia stato indennizzato attraverso il contratto di cui alla precedente lettera a).<\/p>\n<\/div>\n<\/div>\n","protected":false},"excerpt":{"rendered":"<p>Come presentare un reclamo ad una compagnia assicurativa Informazioni sugli strumenti di tutela del contraente a. L&#8217;attivit\u00e0 di distribuzione \u00e8 garantita da una polizza di assicurazione della responsabilit\u00e0 civile, che copre i danni arrecati ai Contraenti da negligenze ed errori<\/p>\n","protected":false},"author":1,"featured_media":0,"parent":0,"menu_order":0,"comment_status":"closed","ping_status":"closed","template":"","meta":{"footnotes":""},"class_list":["post-62","page","type-page","status-publish","hentry"],"_links":{"self":[{"href":"https:\/\/www.errebiassicura.com\/index.php\/wp-json\/wp\/v2\/pages\/62","targetHints":{"allow":["GET"]}}],"collection":[{"href":"https:\/\/www.errebiassicura.com\/index.php\/wp-json\/wp\/v2\/pages"}],"about":[{"href":"https:\/\/www.errebiassicura.com\/index.php\/wp-json\/wp\/v2\/types\/page"}],"author":[{"embeddable":true,"href":"https:\/\/www.errebiassicura.com\/index.php\/wp-json\/wp\/v2\/users\/1"}],"replies":[{"embeddable":true,"href":"https:\/\/www.errebiassicura.com\/index.php\/wp-json\/wp\/v2\/comments?post=62"}],"version-history":[{"count":8,"href":"https:\/\/www.errebiassicura.com\/index.php\/wp-json\/wp\/v2\/pages\/62\/revisions"}],"predecessor-version":[{"id":222,"href":"https:\/\/www.errebiassicura.com\/index.php\/wp-json\/wp\/v2\/pages\/62\/revisions\/222"}],"wp:attachment":[{"href":"https:\/\/www.errebiassicura.com\/index.php\/wp-json\/wp\/v2\/media?parent=62"}],"curies":[{"name":"wp","href":"https:\/\/api.w.org\/{rel}","templated":true}]}}