{"id":77,"date":"2026-03-02T13:38:07","date_gmt":"2026-03-02T12:38:07","guid":{"rendered":"http:\/\/localhost\/www\/errebiassicura.cip\/?page_id=77"},"modified":"2026-03-03T06:59:12","modified_gmt":"2026-03-03T05:59:12","slug":"home","status":"publish","type":"page","link":"https:\/\/www.errebiassicura.com\/","title":{"rendered":"Home"},"content":{"rendered":"\n<div class=\"wp-block-columns is-layout-flex wp-container-core-columns-is-layout-9d6595d7 wp-block-columns-is-layout-flex\">\n<div class=\"wp-block-column is-layout-flow wp-block-column-is-layout-flow\">\n<h1 class=\"wp-block-heading has-text-align-center has-large-font-size\"><strong>Benvenuti presso Rubano Franco Broker &#8211; La tua Agenzia di Assicurazioni di fiducia<\/strong><\/h1>\n<\/div>\n<\/div>\n\n\n\n<div class=\"wp-block-columns is-layout-flex wp-container-core-columns-is-layout-9d6595d7 wp-block-columns-is-layout-flex\">\n<div class=\"wp-block-column is-layout-flow wp-block-column-is-layout-flow\">\n<p class=\"has-text-align-center has-medium-font-size\">Se stai cercando una soluzione assicurativa su misura per le tue esigenze, sei nel posto giusto. Con Rubano Franco Broker avrai a disposizione tutta la professionalit\u00e0 e la competenza di un&#8217;agenzia vicina a te.<\/p>\n<\/div>\n<\/div>\n\n\n\n<div class=\"wp-block-columns is-layout-flex wp-container-core-columns-is-layout-9d6595d7 wp-block-columns-is-layout-flex\">\n<div class=\"wp-block-column is-layout-flow wp-block-column-is-layout-flow\">\n<h3 class=\"wp-block-heading\"><strong>Chi siamo<\/strong><\/h3>\n\n\n\n<p class=\"has-medium-font-size\">Con anni di esperienza alle spalle, siamo orgogliosi di offrire consulenza assicurativa personalizzata grazie alla nostra vasta gamma di servizi e prodotti assicurativi.<br>Il nostro obiettivo \u00e8 soddisfare le diverse necessit\u00e0 dei nostri clienti.<\/p>\n<\/div>\n\n\n\n<div class=\"wp-block-column is-layout-flow wp-block-column-is-layout-flow\">\n<h3 class=\"wp-block-heading\"><strong>Cosa Offriamo<\/strong><\/h3>\n\n\n\n<p class=\"has-medium-font-size\">La seriet\u00e0, l&#8217;aggiornamento costante e soprattutto la qualit\u00e0 del servizio sono i pilastri della nostra attivit\u00e0. Con noi, potrai ottenere coperture su misura, in linea con il tuo stile di vita e le tue esigenze, sia che tu sia un professionista o un&#8217;azienda.<\/p>\n<\/div>\n\n\n\n<div class=\"wp-block-column is-layout-flow wp-block-column-is-layout-flow\">\n<h3 class=\"wp-block-heading\"><strong>Il Nostro Impegno<\/strong><\/h3>\n\n\n\n<p class=\"has-medium-font-size\">Seguiamo i nostri clienti in ogni fase della loro esperienza con noi, dalla vendita alla gestione dei sinistri, garantendo sempre competenza e professionalit\u00e0.<br><br>Offriamo servizi specializzati a 360 gradi, con professionisti competenti pronti ad assisterti passo dopo passo nella scelta e gestione dei prodotti assicurativi.<\/p>\n<\/div>\n<\/div>\n\n\n\n<div class=\"wp-block-columns is-layout-flex wp-container-core-columns-is-layout-9d6595d7 wp-block-columns-is-layout-flex\">\n<div class=\"wp-block-column is-layout-flow wp-block-column-is-layout-flow\">\n<h3 class=\"wp-block-heading\"><strong>Proteggiamo il Tuo Mondo<\/strong><\/h3>\n\n\n\n<p class=\"has-medium-font-size\">Le nostre soluzioni assicurative sono progettate per offrirti tranquillit\u00e0. Con consulenza personalizzata e trasparente, ti offriamo il valore pi\u00f9 prezioso: la serenit\u00e0.<\/p>\n<\/div>\n\n\n\n<div class=\"wp-block-column is-layout-flow wp-block-column-is-layout-flow\">\n<h3 class=\"wp-block-heading\"><strong>Prodotti Assicurativi<\/strong><\/h3>\n\n\n\n<p class=\"has-medium-font-size\">Qualunque sia la tua esigenza, la nostra agenzia \u00e8 pronta ad aiutarti a proteggere il tuo mondo, offrendoti professionalit\u00e0 e esperienza consolidate nel settore assicurativo.<br><br>Scegli Rubano Franco Broker per la tua sicurezza e tranquillit\u00e0.<\/p>\n<\/div>\n\n\n\n<div class=\"wp-block-column is-layout-flow wp-block-column-is-layout-flow\">\n<div class=\"wp-block-media-text is-stacked-on-mobile\" style=\"grid-template-columns:15% auto\"><figure class=\"wp-block-media-text__media\"><img loading=\"lazy\" decoding=\"async\" width=\"48\" height=\"54\" src=\"http:\/\/www.errebiassicura.com\/wp-content\/uploads\/2026\/03\/clock.png\" alt=\"\" class=\"wp-image-79 size-full\"\/><\/figure><div class=\"wp-block-media-text__content\">\n<p class=\"has-x-large-font-size\"><strong>Orari<\/strong><\/p>\n<\/div><\/div>\n\n\n\n<p class=\"has-medium-font-size\">Luned\u00ec: 09.00 \u2013 12.30 \/ 14.30 \u2013 18.30<br>Marted\u00ec: 09.00 \u2013 12.30 \/ 14.30 \u2013 18.30<br>Mercoled\u00ec: 09.00 \u2013 15.00<br>Gioved\u00ec: 09.00 \u2013 15.00<br>Venerd\u00ec: 09.00 \u2013 17.00<br>Sabato e Domenica: chiuso<\/p>\n<\/div>\n<\/div>\n\n\n\n<p><\/p>\n","protected":false},"excerpt":{"rendered":"<p>Benvenuti presso Rubano Franco Broker &#8211; La tua Agenzia di Assicurazioni di fiducia Se stai cercando una soluzione assicurativa su misura per le tue esigenze, sei nel posto giusto. Con Rubano Franco Broker avrai a disposizione tutta la professionalit\u00e0 e<\/p>\n","protected":false},"author":1,"featured_media":0,"parent":0,"menu_order":0,"comment_status":"closed","ping_status":"closed","template":"","meta":{"footnotes":""},"class_list":["post-77","page","type-page","status-publish","hentry"],"_links":{"self":[{"href":"https:\/\/www.errebiassicura.com\/index.php\/wp-json\/wp\/v2\/pages\/77","targetHints":{"allow":["GET"]}}],"collection":[{"href":"https:\/\/www.errebiassicura.com\/index.php\/wp-json\/wp\/v2\/pages"}],"about":[{"href":"https:\/\/www.errebiassicura.com\/index.php\/wp-json\/wp\/v2\/types\/page"}],"author":[{"embeddable":true,"href":"https:\/\/www.errebiassicura.com\/index.php\/wp-json\/wp\/v2\/users\/1"}],"replies":[{"embeddable":true,"href":"https:\/\/www.errebiassicura.com\/index.php\/wp-json\/wp\/v2\/comments?post=77"}],"version-history":[{"count":7,"href":"https:\/\/www.errebiassicura.com\/index.php\/wp-json\/wp\/v2\/pages\/77\/revisions"}],"predecessor-version":[{"id":152,"href":"https:\/\/www.errebiassicura.com\/index.php\/wp-json\/wp\/v2\/pages\/77\/revisions\/152"}],"wp:attachment":[{"href":"https:\/\/www.errebiassicura.com\/index.php\/wp-json\/wp\/v2\/media?parent=77"}],"curies":[{"name":"wp","href":"https:\/\/api.w.org\/{rel}","templated":true}]}}